{"id":901,"date":"2023-02-09T08:09:03","date_gmt":"2023-02-09T08:09:03","guid":{"rendered":"http:\/\/xn--cflsant-hya.fr\/?page_id=901"},"modified":"2023-03-01T18:23:07","modified_gmt":"2023-03-01T18:23:07","slug":"nous-rencontrer","status":"publish","type":"page","link":"http:\/\/xn--cflsant-hya.fr\/?page_id=901","title":{"rendered":"Nous rencontrer (formulaire)"},"content":{"rendered":"\t\t<div data-elementor-type=\"wp-page\" data-elementor-id=\"901\" class=\"elementor elementor-901\">\n\t\t\t\t\t\t<section class=\"elementor-section elementor-top-section elementor-element elementor-element-9839df9 elementor-section-boxed elementor-section-height-default elementor-section-height-default\" data-id=\"9839df9\" data-element_type=\"section\" data-e-type=\"section\">\n\t\t\t\t\t\t<div class=\"elementor-container elementor-column-gap-default\">\n\t\t\t\t\t<div class=\"elementor-column elementor-col-100 elementor-top-column elementor-element elementor-element-7d63dce\" data-id=\"7d63dce\" data-element_type=\"column\" data-e-type=\"column\">\n\t\t\t<div class=\"elementor-widget-wrap elementor-element-populated\">\n\t\t\t\t\t\t<div class=\"elementor-element elementor-element-383c2f2 elementor-widget elementor-widget-spacer\" data-id=\"383c2f2\" data-element_type=\"widget\" data-e-type=\"widget\" data-widget_type=\"spacer.default\">\n\t\t\t\t<div class=\"elementor-widget-container\">\n\t\t\t\t\t\t\t<div class=\"elementor-spacer\">\n\t\t\t<div class=\"elementor-spacer-inner\"><\/div>\n\t\t<\/div>\n\t\t\t\t\t\t<\/div>\n\t\t\t\t<\/div>\n\t\t\t\t\t<\/div>\n\t\t<\/div>\n\t\t\t\t\t<\/div>\n\t\t<\/section>\n\t\t\t\t<section class=\"elementor-section elementor-top-section elementor-element elementor-element-c74bbe7 elementor-section-boxed elementor-section-height-default elementor-section-height-default\" data-id=\"c74bbe7\" data-element_type=\"section\" data-e-type=\"section\">\n\t\t\t\t\t\t<div class=\"elementor-container elementor-column-gap-default\">\n\t\t\t\t\t<div class=\"elementor-column elementor-col-100 elementor-top-column elementor-element elementor-element-6a2ade4\" data-id=\"6a2ade4\" data-element_type=\"column\" data-e-type=\"column\">\n\t\t\t<div class=\"elementor-widget-wrap elementor-element-populated\">\n\t\t\t\t\t\t<div class=\"elementor-element elementor-element-1722367 elementor-widget elementor-widget-heading\" data-id=\"1722367\" data-element_type=\"widget\" data-e-type=\"widget\" data-widget_type=\"heading.default\">\n\t\t\t\t<div class=\"elementor-widget-container\">\n\t\t\t\t\t<h2 class=\"elementor-heading-title elementor-size-default\">Nous rencontrer sur place<\/h2>\t\t\t\t<\/div>\n\t\t\t\t<\/div>\n\t\t\t\t\t<\/div>\n\t\t<\/div>\n\t\t\t\t\t<\/div>\n\t\t<\/section>\n\t\t\t\t<section class=\"elementor-section elementor-top-section elementor-element elementor-element-893dcea elementor-section-boxed elementor-section-height-default elementor-section-height-default\" data-id=\"893dcea\" data-element_type=\"section\" data-e-type=\"section\">\n\t\t\t\t\t\t<div class=\"elementor-container elementor-column-gap-default\">\n\t\t\t\t\t<div class=\"elementor-column elementor-col-100 elementor-top-column elementor-element elementor-element-25f4052\" data-id=\"25f4052\" data-element_type=\"column\" data-e-type=\"column\">\n\t\t\t<div class=\"elementor-widget-wrap elementor-element-populated\">\n\t\t\t\t\t\t<div class=\"elementor-element elementor-element-1b57d38 elementor-widget elementor-widget-spacer\" data-id=\"1b57d38\" data-element_type=\"widget\" data-e-type=\"widget\" data-widget_type=\"spacer.default\">\n\t\t\t\t<div class=\"elementor-widget-container\">\n\t\t\t\t\t\t\t<div class=\"elementor-spacer\">\n\t\t\t<div class=\"elementor-spacer-inner\"><\/div>\n\t\t<\/div>\n\t\t\t\t\t\t<\/div>\n\t\t\t\t<\/div>\n\t\t\t\t\t<\/div>\n\t\t<\/div>\n\t\t\t\t\t<\/div>\n\t\t<\/section>\n\t\t\t\t<section class=\"elementor-section elementor-top-section elementor-element elementor-element-3a5e54a elementor-section-boxed elementor-section-height-default elementor-section-height-default\" data-id=\"3a5e54a\" data-element_type=\"section\" data-e-type=\"section\">\n\t\t\t\t\t\t<div class=\"elementor-container elementor-column-gap-default\">\n\t\t\t\t\t<div class=\"elementor-column elementor-col-100 elementor-top-column elementor-element elementor-element-3c9d947\" data-id=\"3c9d947\" data-element_type=\"column\" data-e-type=\"column\">\n\t\t\t<div class=\"elementor-widget-wrap elementor-element-populated\">\n\t\t\t\t\t\t<div class=\"elementor-element elementor-element-e2a5a4c elementor-widget elementor-widget-formidable\" data-id=\"e2a5a4c\" data-element_type=\"widget\" data-e-type=\"widget\" data-widget_type=\"formidable.default\">\n\t\t\t\t<div class=\"elementor-widget-container\">\n\t\t\t\t\t<div class=\"frm_forms  with_frm_style frm_style_style-formidable\" id=\"frm_form_2_container\" data-token=\"b1408579619cc61a1e9a079e9fea1f08\">\n<form enctype=\"multipart\/form-data\" method=\"post\" class=\"frm-show-form \" id=\"form_nousrencontrersurplace\"  data-token=\"b1408579619cc61a1e9a079e9fea1f08\">\n<div class=\"frm_form_fields \">\n<fieldset>\n<legend class=\"frm_screen_reader\">Nous rencontrer sur place<\/legend>\r\n\r\n<div class=\"frm_fields_container\">\n<input type=\"hidden\" name=\"frm_action\" value=\"create\" \/>\n<input type=\"hidden\" name=\"form_id\" value=\"2\" \/>\n<input type=\"hidden\" name=\"frm_hide_fields_2\" id=\"frm_hide_fields_2\" value=\"\" \/>\n<input type=\"hidden\" name=\"form_key\" value=\"nousrencontrersurplace\" \/>\n<input type=\"hidden\" name=\"item_meta[0]\" value=\"\" \/>\n<input type=\"hidden\" id=\"frm_submit_entry_2\" name=\"frm_submit_entry_2\" value=\"ba40a3e8a7\" \/><input type=\"hidden\" name=\"_wp_http_referer\" value=\"\/index.php?rest_route=%2Fwp%2Fv2%2Fpages%2F901\" \/><div id=\"frm_field_6_container\" class=\"frm_form_field form-field  frm_top_container\">\r\n    <div  id=\"field_dy0nh_label\" class=\"frm_primary_label\">Nom Pr\u00e9nom\r\n        <span class=\"frm_required\" aria-hidden=\"true\"><\/span>\r\n    <\/div>\r\n    <fieldset aria-labelledby=\"field_dy0nh_label\">\n\t<legend class=\"frm_screen_reader frm_hidden\">\n\t\tNom Pr\u00e9nom\t<\/legend>\n\n\t<div  class=\"frm_combo_inputs_container\" id=\"frm_combo_inputs_container_6\" data-name-layout=\"first_last\">\n\t\t\t\t\t<div\n\t\t\t\tid=\"frm_field_6-first_container\"\n\t\t\t\tclass=\"frm_form_field form-field frm_form_subfield-first  frm6\"\n\t\t\t\tdata-sub-field-name=\"first\"\n\t\t\t>\n\t\t\t\t<label for=\"field_dy0nh_first\" class=\"frm_screen_reader frm_hidden\">\n\t\t\t\t\tNom\t\t\t\t<\/label>\n\n\t\t\t\t\t\t\t\t\t\t<input\n\t\t\t\t\t\t\ttype=\"text\"\n\t\t\t\t\t\t\tid=\"field_dy0nh_first\"\n\t\t\t\t\t\t\tvalue=\"\"\n\t\t\t\t\t\t\tname=\"item_meta[6][first]\"  data-invmsg=\"Nom Pr\u00e9nom est non valide\" aria-invalid=\"false\"  \t\t\t\t\t\t\/>\n\t\t\t\t\t\t<div class=\"frm_description\" id=\"frm_field_6_first_desc\">Nom<\/div>\t\t\t<\/div>\n\t\t\t\t\t\t<div\n\t\t\t\tid=\"frm_field_6-last_container\"\n\t\t\t\tclass=\"frm_form_field form-field frm_form_subfield-last  frm6\"\n\t\t\t\tdata-sub-field-name=\"last\"\n\t\t\t>\n\t\t\t\t<label for=\"field_dy0nh_last\" class=\"frm_screen_reader frm_hidden\">\n\t\t\t\t\tPr\u00e9nom\t\t\t\t<\/label>\n\n\t\t\t\t\t\t\t\t\t\t<input\n\t\t\t\t\t\t\ttype=\"text\"\n\t\t\t\t\t\t\tid=\"field_dy0nh_last\"\n\t\t\t\t\t\t\tvalue=\"\"\n\t\t\t\t\t\t\tname=\"item_meta[6][last]\"  data-invmsg=\"Nom Pr\u00e9nom est non valide\" aria-invalid=\"false\"  \t\t\t\t\t\t\/>\n\t\t\t\t\t\t<div class=\"frm_description\" id=\"frm_field_6_last_desc\">Pr\u00e9nom<\/div>\t\t\t<\/div>\n\t\t\t\t<\/div>\n<\/fieldset>\n\r\n    \r\n    \r\n<\/div>\n<div id=\"frm_field_8_container\" class=\"frm_form_field form-field  frm_top_container frm12 frm_first\">\r\n    <label for=\"field_a5xuc\" id=\"field_a5xuc_label\" class=\"frm_primary_label\">Email\r\n        <span class=\"frm_required\" aria-hidden=\"true\"><\/span>\r\n    <\/label>\r\n    <input type=\"email\" id=\"field_a5xuc\" name=\"item_meta[8]\" value=\"\"  data-invmsg=\"Email est non valide\" aria-invalid=\"false\"  \/>\r\n    \r\n    \r\n<\/div>\n<div id=\"frm_field_11_container\" class=\"frm_form_field form-field  frm_top_container\">\r\n    <label for=\"field_da652\" id=\"field_da652_label\" class=\"frm_primary_label\">T\u00e9l\u00e9phone\r\n        <span class=\"frm_required\" aria-hidden=\"true\"><\/span>\r\n    <\/label>\r\n    <input type=\"tel\" id=\"field_da652\" name=\"item_meta[11]\" value=\"\"  data-invmsg=\"T\u00e9l\u00e9phone est non valide (ex : 0102030405)\" aria-invalid=\"false\" pattern=\"((\\+\\d{1,3}(-|.| )?\\(?\\d\\)?(-| |.)?\\d{1,5})|(\\(?\\d{2,6}\\)?))(-|.| )?(\\d{3,4})(-|.| )?(\\d{4})(( x| ext)\\d{1,5}){0,1}$\"  \/>\r\n    \r\n    \r\n<\/div>\n<div id=\"frm_field_10_container\" class=\"frm_form_field form-field  frm_top_container\">\r\n    <label for=\"field_b8f1z\" id=\"field_b8f1z_label\" class=\"frm_primary_label\">Expliquez nous pourquoi vous voulez nous rencontrer et indiquez nous vos disponibilit\u00e9s\r\n        <span class=\"frm_required\" aria-hidden=\"true\"><\/span>\r\n    <\/label>\r\n    <textarea name=\"item_meta[10]\" id=\"field_b8f1z\" rows=\"5\"  data-invmsg=\"Expliquez nous pourquoi vous voulez nous rencontrer et indiquez nous vos disponibilit\u00e9s est non valide\" aria-invalid=\"false\"  ><\/textarea>\r\n    \r\n    \r\n<\/div>\n\t<input type=\"hidden\" name=\"item_key\" value=\"\" \/>\n\t\t\t\t<div class=\"frm__65c34a9104f91\">\n\t\t\t\t<label for=\"frm_email_2\" >\n\t\t\t\t\tSi vous \u00eates un humain, ne remplissez pas ce champ.\t\t\t\t<\/label>\n\t\t\t\t<input  id=\"frm_email_2\" type=\"text\" class=\"frm_verify\" name=\"frm__65c34a9104f91\" value=\"\" autocomplete=\"false\"  \/>\n\t\t\t<\/div>\n\t\t<div class=\"frm_submit\">\r\n\r\n<button class=\"frm_button_submit\" type=\"submit\"  >Envoyer<\/button>\r\n\r\n\r\n<\/div><\/div>\n<\/fieldset>\n<\/div>\n<\/form>\n<\/div>\n\t\t\t\t<\/div>\n\t\t\t\t<\/div>\n\t\t\t\t\t<\/div>\n\t\t<\/div>\n\t\t\t\t\t<\/div>\n\t\t<\/section>\n\t\t\t\t<\/div>\n\t\t","protected":false},"excerpt":{"rendered":"<p>Nous rencontrer sur place Nous rencontrer sur place Nom Pr\u00e9nom Nom Pr\u00e9nom Nom Nom Pr\u00e9nom Pr\u00e9nom Email T\u00e9l\u00e9phone Expliquez nous pourquoi vous voulez nous rencontrer et indiquez nous vos disponibilit\u00e9s Si vous \u00eates un humain, ne remplissez pas ce champ. Envoyer<\/p>\n","protected":false},"author":1,"featured_media":0,"parent":0,"menu_order":0,"comment_status":"closed","ping_status":"closed","template":"","meta":{"ocean_post_layout":"","ocean_both_sidebars_style":"","ocean_both_sidebars_content_width":0,"ocean_both_sidebars_sidebars_width":0,"ocean_sidebar":"0","ocean_second_sidebar":"0","ocean_disable_margins":"enable","ocean_add_body_class":"","ocean_shortcode_before_top_bar":"","ocean_shortcode_after_top_bar":"","ocean_shortcode_before_header":"","ocean_shortcode_after_header":"","ocean_has_shortcode":"","ocean_shortcode_after_title":"","ocean_shortcode_before_footer_widgets":"","ocean_shortcode_after_footer_widgets":"","ocean_shortcode_before_footer_bottom":"","ocean_shortcode_after_footer_bottom":"","ocean_display_top_bar":"default","ocean_display_header":"default","ocean_header_style":"","ocean_center_header_left_menu":"0","ocean_custom_header_template":"0","ocean_custom_logo":0,"ocean_custom_retina_logo":0,"ocean_custom_logo_max_width":0,"ocean_custom_logo_tablet_max_width":0,"ocean_custom_logo_mobile_max_width":0,"ocean_custom_logo_max_height":0,"ocean_custom_logo_tablet_max_height":0,"ocean_custom_logo_mobile_max_height":0,"ocean_header_custom_menu":"0","ocean_menu_typo_font_family":"0","ocean_menu_typo_font_subset":"","ocean_menu_typo_font_size":0,"ocean_menu_typo_font_size_tablet":0,"ocean_menu_typo_font_size_mobile":0,"ocean_menu_typo_font_size_unit":"px","ocean_menu_typo_font_weight":"","ocean_menu_typo_font_weight_tablet":"","ocean_menu_typo_font_weight_mobile":"","ocean_menu_typo_transform":"","ocean_menu_typo_transform_tablet":"","ocean_menu_typo_transform_mobile":"","ocean_menu_typo_line_height":0,"ocean_menu_typo_line_height_tablet":0,"ocean_menu_typo_line_height_mobile":0,"ocean_menu_typo_line_height_unit":"","ocean_menu_typo_spacing":0,"ocean_menu_typo_spacing_tablet":0,"ocean_menu_typo_spacing_mobile":0,"ocean_menu_typo_spacing_unit":"","ocean_menu_link_color":"","ocean_menu_link_color_hover":"","ocean_menu_link_color_active":"","ocean_menu_link_background":"","ocean_menu_link_hover_background":"","ocean_menu_link_active_background":"","ocean_menu_social_links_bg":"","ocean_menu_social_hover_links_bg":"","ocean_menu_social_links_color":"","ocean_menu_social_hover_links_color":"","ocean_disable_title":"on","ocean_disable_heading":"default","ocean_post_title":"","ocean_post_subheading":"","ocean_post_title_style":"","ocean_post_title_background_color":"","ocean_post_title_background":0,"ocean_post_title_bg_image_position":"","ocean_post_title_bg_image_attachment":"","ocean_post_title_bg_image_repeat":"","ocean_post_title_bg_image_size":"","ocean_post_title_height":0,"ocean_post_title_bg_overlay":0.5,"ocean_post_title_bg_overlay_color":"","ocean_disable_breadcrumbs":"default","ocean_breadcrumbs_color":"","ocean_breadcrumbs_separator_color":"","ocean_breadcrumbs_links_color":"","ocean_breadcrumbs_links_hover_color":"","ocean_display_footer_widgets":"default","ocean_display_footer_bottom":"default","ocean_custom_footer_template":"0","footnotes":""},"class_list":["post-901","page","type-page","status-publish","hentry","entry"],"yoast_head":"<!-- This site is optimized with the Yoast SEO plugin v22.0 - https:\/\/yoast.com\/wordpress\/plugins\/seo\/ -->\n<title>Nous rencontrer (formulaire) - CFL Sant\u00e9<\/title>\n<meta name=\"robots\" content=\"index, follow, max-snippet:-1, max-image-preview:large, max-video-preview:-1\" \/>\n<link rel=\"canonical\" href=\"http:\/\/xn--cflsant-hya.fr\/?page_id=901\" \/>\n<meta property=\"og:locale\" content=\"fr_FR\" \/>\n<meta property=\"og:type\" content=\"article\" \/>\n<meta property=\"og:title\" content=\"Nous rencontrer (formulaire) - CFL Sant\u00e9\" \/>\n<meta property=\"og:description\" content=\"Nous rencontrer sur place Nous rencontrer sur place Nom Pr\u00e9nom Nom Pr\u00e9nom Nom Nom Pr\u00e9nom Pr\u00e9nom Email T\u00e9l\u00e9phone Expliquez nous pourquoi vous voulez nous rencontrer et indiquez nous vos disponibilit\u00e9s Si vous \u00eates un humain, ne remplissez pas ce champ. Envoyer\" \/>\n<meta property=\"og:url\" content=\"http:\/\/xn--cflsant-hya.fr\/?page_id=901\" \/>\n<meta property=\"og:site_name\" content=\"CFL Sant\u00e9\" \/>\n<meta property=\"article:modified_time\" content=\"2023-03-01T18:23:07+00:00\" \/>\n<meta name=\"twitter:card\" content=\"summary_large_image\" \/>\n<meta name=\"twitter:label1\" content=\"Dur\u00e9e de lecture estim\u00e9e\" \/>\n\t<meta name=\"twitter:data1\" content=\"1 minute\" \/>\n<script type=\"application\/ld+json\" class=\"yoast-schema-graph\">{\"@context\":\"https:\/\/schema.org\",\"@graph\":[{\"@type\":\"WebPage\",\"@id\":\"http:\/\/xn--cflsant-hya.fr\/?page_id=901\",\"url\":\"http:\/\/xn--cflsant-hya.fr\/?page_id=901\",\"name\":\"Nous rencontrer (formulaire) - CFL Sant\u00e9\",\"isPartOf\":{\"@id\":\"https:\/\/xn--cflsant-hya.fr\/#website\"},\"datePublished\":\"2023-02-09T08:09:03+00:00\",\"dateModified\":\"2023-03-01T18:23:07+00:00\",\"breadcrumb\":{\"@id\":\"http:\/\/xn--cflsant-hya.fr\/?page_id=901#breadcrumb\"},\"inLanguage\":\"fr-FR\",\"potentialAction\":[{\"@type\":\"ReadAction\",\"target\":[\"http:\/\/xn--cflsant-hya.fr\/?page_id=901\"]}]},{\"@type\":\"BreadcrumbList\",\"@id\":\"http:\/\/xn--cflsant-hya.fr\/?page_id=901#breadcrumb\",\"itemListElement\":[{\"@type\":\"ListItem\",\"position\":1,\"name\":\"Accueil\",\"item\":\"https:\/\/xn--cflsant-hya.fr\/\"},{\"@type\":\"ListItem\",\"position\":2,\"name\":\"Nous rencontrer (formulaire)\"}]},{\"@type\":\"WebSite\",\"@id\":\"https:\/\/xn--cflsant-hya.fr\/#website\",\"url\":\"https:\/\/xn--cflsant-hya.fr\/\",\"name\":\"CFL Sant\u00e9\",\"description\":\"Aider les Hopitaux du monde\",\"publisher\":{\"@id\":\"https:\/\/xn--cflsant-hya.fr\/#organization\"},\"potentialAction\":[{\"@type\":\"SearchAction\",\"target\":{\"@type\":\"EntryPoint\",\"urlTemplate\":\"https:\/\/xn--cflsant-hya.fr\/?s={search_term_string}\"},\"query-input\":\"required name=search_term_string\"}],\"inLanguage\":\"fr-FR\"},{\"@type\":\"Organization\",\"@id\":\"https:\/\/xn--cflsant-hya.fr\/#organization\",\"name\":\"CFL Sant\u00e9\",\"url\":\"https:\/\/xn--cflsant-hya.fr\/\",\"logo\":{\"@type\":\"ImageObject\",\"inLanguage\":\"fr-FR\",\"@id\":\"https:\/\/xn--cflsant-hya.fr\/#\/schema\/logo\/image\/\",\"url\":\"http:\/\/xn--cflsant-hya.fr\/wp-content\/uploads\/2023\/02\/cropped-cropped-com.apple_.Pasteboard.x2BOZ5.png\",\"contentUrl\":\"http:\/\/xn--cflsant-hya.fr\/wp-content\/uploads\/2023\/02\/cropped-cropped-com.apple_.Pasteboard.x2BOZ5.png\",\"width\":512,\"height\":512,\"caption\":\"CFL Sant\u00e9\"},\"image\":{\"@id\":\"https:\/\/xn--cflsant-hya.fr\/#\/schema\/logo\/image\/\"}}]}<\/script>\n<!-- \/ Yoast SEO plugin. -->","yoast_head_json":{"title":"Nous rencontrer (formulaire) - CFL Sant\u00e9","robots":{"index":"index","follow":"follow","max-snippet":"max-snippet:-1","max-image-preview":"max-image-preview:large","max-video-preview":"max-video-preview:-1"},"canonical":"http:\/\/xn--cflsant-hya.fr\/?page_id=901","og_locale":"fr_FR","og_type":"article","og_title":"Nous rencontrer (formulaire) - CFL Sant\u00e9","og_description":"Nous rencontrer sur place Nous rencontrer sur place Nom Pr\u00e9nom Nom Pr\u00e9nom Nom Nom Pr\u00e9nom Pr\u00e9nom Email T\u00e9l\u00e9phone Expliquez nous pourquoi vous voulez nous rencontrer et indiquez nous vos disponibilit\u00e9s Si vous \u00eates un humain, ne remplissez pas ce champ. Envoyer","og_url":"http:\/\/xn--cflsant-hya.fr\/?page_id=901","og_site_name":"CFL Sant\u00e9","article_modified_time":"2023-03-01T18:23:07+00:00","twitter_card":"summary_large_image","twitter_misc":{"Dur\u00e9e de lecture estim\u00e9e":"1 minute"},"schema":{"@context":"https:\/\/schema.org","@graph":[{"@type":"WebPage","@id":"http:\/\/xn--cflsant-hya.fr\/?page_id=901","url":"http:\/\/xn--cflsant-hya.fr\/?page_id=901","name":"Nous rencontrer (formulaire) - CFL Sant\u00e9","isPartOf":{"@id":"https:\/\/xn--cflsant-hya.fr\/#website"},"datePublished":"2023-02-09T08:09:03+00:00","dateModified":"2023-03-01T18:23:07+00:00","breadcrumb":{"@id":"http:\/\/xn--cflsant-hya.fr\/?page_id=901#breadcrumb"},"inLanguage":"fr-FR","potentialAction":[{"@type":"ReadAction","target":["http:\/\/xn--cflsant-hya.fr\/?page_id=901"]}]},{"@type":"BreadcrumbList","@id":"http:\/\/xn--cflsant-hya.fr\/?page_id=901#breadcrumb","itemListElement":[{"@type":"ListItem","position":1,"name":"Accueil","item":"https:\/\/xn--cflsant-hya.fr\/"},{"@type":"ListItem","position":2,"name":"Nous rencontrer (formulaire)"}]},{"@type":"WebSite","@id":"https:\/\/xn--cflsant-hya.fr\/#website","url":"https:\/\/xn--cflsant-hya.fr\/","name":"CFL Sant\u00e9","description":"Aider les Hopitaux du monde","publisher":{"@id":"https:\/\/xn--cflsant-hya.fr\/#organization"},"potentialAction":[{"@type":"SearchAction","target":{"@type":"EntryPoint","urlTemplate":"https:\/\/xn--cflsant-hya.fr\/?s={search_term_string}"},"query-input":"required name=search_term_string"}],"inLanguage":"fr-FR"},{"@type":"Organization","@id":"https:\/\/xn--cflsant-hya.fr\/#organization","name":"CFL Sant\u00e9","url":"https:\/\/xn--cflsant-hya.fr\/","logo":{"@type":"ImageObject","inLanguage":"fr-FR","@id":"https:\/\/xn--cflsant-hya.fr\/#\/schema\/logo\/image\/","url":"http:\/\/xn--cflsant-hya.fr\/wp-content\/uploads\/2023\/02\/cropped-cropped-com.apple_.Pasteboard.x2BOZ5.png","contentUrl":"http:\/\/xn--cflsant-hya.fr\/wp-content\/uploads\/2023\/02\/cropped-cropped-com.apple_.Pasteboard.x2BOZ5.png","width":512,"height":512,"caption":"CFL Sant\u00e9"},"image":{"@id":"https:\/\/xn--cflsant-hya.fr\/#\/schema\/logo\/image\/"}}]}},"_links":{"self":[{"href":"http:\/\/xn--cflsant-hya.fr\/index.php?rest_route=\/wp\/v2\/pages\/901","targetHints":{"allow":["GET"]}}],"collection":[{"href":"http:\/\/xn--cflsant-hya.fr\/index.php?rest_route=\/wp\/v2\/pages"}],"about":[{"href":"http:\/\/xn--cflsant-hya.fr\/index.php?rest_route=\/wp\/v2\/types\/page"}],"author":[{"embeddable":true,"href":"http:\/\/xn--cflsant-hya.fr\/index.php?rest_route=\/wp\/v2\/users\/1"}],"replies":[{"embeddable":true,"href":"http:\/\/xn--cflsant-hya.fr\/index.php?rest_route=%2Fwp%2Fv2%2Fcomments&post=901"}],"version-history":[{"count":11,"href":"http:\/\/xn--cflsant-hya.fr\/index.php?rest_route=\/wp\/v2\/pages\/901\/revisions"}],"predecessor-version":[{"id":1206,"href":"http:\/\/xn--cflsant-hya.fr\/index.php?rest_route=\/wp\/v2\/pages\/901\/revisions\/1206"}],"wp:attachment":[{"href":"http:\/\/xn--cflsant-hya.fr\/index.php?rest_route=%2Fwp%2Fv2%2Fmedia&parent=901"}],"curies":[{"name":"wp","href":"https:\/\/api.w.org\/{rel}","templated":true}]}}