{"id":1473,"date":"2024-02-13T15:30:39","date_gmt":"2024-02-13T15:30:39","guid":{"rendered":"http:\/\/xn--cflsant-hya.fr\/?page_id=1473"},"modified":"2024-12-31T15:29:37","modified_gmt":"2024-12-31T15:29:37","slug":"mission-actuelle-2","status":"publish","type":"page","link":"https:\/\/xn--cflsant-hya.fr\/?page_id=1473","title":{"rendered":"Mission \u00e0 Madagascar 2025"},"content":{"rendered":"\t\t<div data-elementor-type=\"wp-page\" data-elementor-id=\"1473\" class=\"elementor elementor-1473\">\n\t\t\t\t\t\t<section class=\"elementor-section elementor-top-section elementor-element elementor-element-284fbd8 elementor-section-content-middle elementor-section-boxed elementor-section-height-default elementor-section-height-default\" data-id=\"284fbd8\" data-element_type=\"section\" data-e-type=\"section\">\n\t\t\t\t\t\t<div class=\"elementor-container elementor-column-gap-no\">\n\t\t\t\t\t<div class=\"elementor-column elementor-col-33 elementor-top-column elementor-element elementor-element-d39d448\" data-id=\"d39d448\" data-element_type=\"column\" data-e-type=\"column\">\n\t\t\t<div class=\"elementor-widget-wrap elementor-element-populated\">\n\t\t\t\t\t\t<div class=\"elementor-element elementor-element-7e9c2bd elementor-widget elementor-widget-heading\" data-id=\"7e9c2bd\" data-element_type=\"widget\" data-e-type=\"widget\" data-widget_type=\"heading.default\">\n\t\t\t\t<div class=\"elementor-widget-container\">\n\t\t\t\t\t<h5 class=\"elementor-heading-title elementor-size-default\">STATUTS<\/h5>\t\t\t\t<\/div>\n\t\t\t\t<\/div>\n\t\t\t\t<div class=\"elementor-element elementor-element-16796f2 elementor-widget elementor-widget-text-editor\" data-id=\"16796f2\" data-element_type=\"widget\" data-e-type=\"widget\" data-widget_type=\"text-editor.default\">\n\t\t\t\t<div class=\"elementor-widget-container\">\n\t\t\t\t\t\t\t\t\t<p>Cette association a pour objectif de dispenser du mat\u00e9riel m\u00e9dical \u00e0 l\u2019\u00e9tranger sans but lucratif. Pour atteindre l&rsquo;objectif, l\u2019association aura recours \u00e0 des collectes de dons et de mat\u00e9riels. Suite \u00e0 cela, \u00e0 l\u2019acheminement du mat\u00e9riel \u00e0 l\u2019\u00e9tranger par des soci\u00e9t\u00e9s de transport puis \u00e0 la distribution du mat\u00e9riel dans un pays \u00e9tranger en accord avec les autorit\u00e9s congolaises.<\/p>\t\t\t\t\t\t\t\t<\/div>\n\t\t\t\t<\/div>\n\t\t\t\t\t<\/div>\n\t\t<\/div>\n\t\t\t\t<div class=\"elementor-column elementor-col-33 elementor-top-column elementor-element elementor-element-a8b0bfc elementor-hidden-tablet\" data-id=\"a8b0bfc\" data-element_type=\"column\" data-e-type=\"column\">\n\t\t\t<div class=\"elementor-widget-wrap\">\n\t\t\t\t\t\t\t<\/div>\n\t\t<\/div>\n\t\t\t\t<div class=\"elementor-column elementor-col-33 elementor-top-column elementor-element elementor-element-2e7a1d7\" data-id=\"2e7a1d7\" data-element_type=\"column\" data-e-type=\"column\">\n\t\t\t<div class=\"elementor-widget-wrap elementor-element-populated\">\n\t\t\t\t\t\t<div class=\"elementor-element elementor-element-66dc568 elementor-widget elementor-widget-toggle\" data-id=\"66dc568\" data-element_type=\"widget\" data-e-type=\"widget\" data-widget_type=\"toggle.default\">\n\t\t\t\t<div class=\"elementor-widget-container\">\n\t\t\t\t\t\t\t<div class=\"elementor-toggle\">\n\t\t\t\t\t\t\t<div class=\"elementor-toggle-item\">\n\t\t\t\t\t<div id=\"elementor-tab-title-1071\" class=\"elementor-tab-title\" data-tab=\"1\" role=\"button\" aria-controls=\"elementor-tab-content-1071\" aria-expanded=\"false\">\n\t\t\t\t\t\t\t\t\t\t\t\t<span class=\"elementor-toggle-icon elementor-toggle-icon-right\" aria-hidden=\"true\">\n\t\t\t\t\t\t\t\t\t\t\t\t\t\t\t<span class=\"elementor-toggle-icon-closed\"><i class=\"fas fa-caret-right\"><\/i><\/span>\n\t\t\t\t\t\t\t\t<span class=\"elementor-toggle-icon-opened\"><i class=\"elementor-toggle-icon-opened fas fa-caret-up\"><\/i><\/span>\n\t\t\t\t\t\t\t\t\t\t\t\t\t<\/span>\n\t\t\t\t\t\t\t\t\t\t\t\t<a class=\"elementor-toggle-title\" tabindex=\"0\">D\u00e9roulement du projet<\/a>\n\t\t\t\t\t<\/div>\n\n\t\t\t\t\t<div id=\"elementor-tab-content-1071\" class=\"elementor-tab-content elementor-clearfix\" data-tab=\"1\" role=\"region\" aria-labelledby=\"elementor-tab-title-1071\"><ul><li>Constituer un groupe de b\u00e9n\u00e9vols constitu\u00e9s d\u2019\u00e9tudiants en m\u00e9decine et pharmacie\u00a0<\/li><li>R\u00e9colter du mat\u00e9riel humanitaire \u00e0 travers des associations en France (PHI)<\/li><li>R\u00e9colter des dons et subventions pour financer la mission.\u00a0<\/li><li>Acheminer le mat\u00e9riel en container par bateau.\u00a0<\/li><li>Se rendre sur place pour visiter et aider les institutions de sant\u00e9 (labos, facult\u00e9 de m\u00e9decine, CHU, orphelinats) \u00e0 Fort-Dauphin<span style=\"font-size: 16px;\">\u00a0<\/span><\/li><li>Rencontrer les autorit\u00e9s du pays\u00a0\u00a0<\/li><li>R\u00e9aliser un stage pour ceux qui veulent d\u00e9couvrir le syst\u00e8me de sant\u00e9 malgache\u00a0<\/li><li>Acheminement et installation du mat\u00e9riels \u00e0 Fort-dauphin<\/li><\/ul><\/div>\n\t\t\t\t<\/div>\n\t\t\t\t\t\t\t<div class=\"elementor-toggle-item\">\n\t\t\t\t\t<div id=\"elementor-tab-title-1072\" class=\"elementor-tab-title\" data-tab=\"2\" role=\"button\" aria-controls=\"elementor-tab-content-1072\" aria-expanded=\"false\">\n\t\t\t\t\t\t\t\t\t\t\t\t<span class=\"elementor-toggle-icon elementor-toggle-icon-right\" aria-hidden=\"true\">\n\t\t\t\t\t\t\t\t\t\t\t\t\t\t\t<span class=\"elementor-toggle-icon-closed\"><i class=\"fas fa-caret-right\"><\/i><\/span>\n\t\t\t\t\t\t\t\t<span class=\"elementor-toggle-icon-opened\"><i class=\"elementor-toggle-icon-opened fas fa-caret-up\"><\/i><\/span>\n\t\t\t\t\t\t\t\t\t\t\t\t\t<\/span>\n\t\t\t\t\t\t\t\t\t\t\t\t<a class=\"elementor-toggle-title\" tabindex=\"0\">Ce qui a \u00e9t\u00e9 fait<\/a>\n\t\t\t\t\t<\/div>\n\n\t\t\t\t\t<div id=\"elementor-tab-content-1072\" class=\"elementor-tab-content elementor-clearfix\" data-tab=\"2\" role=\"region\" aria-labelledby=\"elementor-tab-title-1072\"><ul>\n<li><span style=\"font-weight: 400;\">Partenariat avec PHI pour le mat\u00e9riel et r\u00e9colte de ce dernier.<\/span><span style=\"font-weight: 400;\">&nbsp;<\/span><\/li>\n<li><span style=\"font-weight: 400;\">Cr\u00e9ation d\u2019un compte bancaire.<\/span><\/li>\n<li><span style=\"font-weight: 400;\">Cr\u00e9ation d&rsquo;un r\u00e9seau tik tok et instagram.<\/span><\/li>\n<li><span style=\"font-weight: 400;\">Communication avec les autorit\u00e9s sanitaires locales<\/span><\/li>\n<li><span style=\"font-weight: 400;\">Proc\u00e9dure de VISA<\/span><\/li>\n<li><span style=\"font-weight: 400;\">Proc\u00e9dures administratives pour le transport du container&nbsp;<\/span><\/li>\n<li><span style=\"font-weight: 400;\">Cr\u00e9ation de l&rsquo;association a<\/span><span style=\"font-weight: 400;\">vec un statut officiel :&nbsp;<\/span><b>CFL Sant\u00e9<\/b><\/li>\n<\/ul><\/div>\n\t\t\t\t<\/div>\n\t\t\t\t\t\t\t<div class=\"elementor-toggle-item\">\n\t\t\t\t\t<div id=\"elementor-tab-title-1073\" class=\"elementor-tab-title\" data-tab=\"3\" role=\"button\" aria-controls=\"elementor-tab-content-1073\" aria-expanded=\"false\">\n\t\t\t\t\t\t\t\t\t\t\t\t<span class=\"elementor-toggle-icon elementor-toggle-icon-right\" aria-hidden=\"true\">\n\t\t\t\t\t\t\t\t\t\t\t\t\t\t\t<span class=\"elementor-toggle-icon-closed\"><i class=\"fas fa-caret-right\"><\/i><\/span>\n\t\t\t\t\t\t\t\t<span class=\"elementor-toggle-icon-opened\"><i class=\"elementor-toggle-icon-opened fas fa-caret-up\"><\/i><\/span>\n\t\t\t\t\t\t\t\t\t\t\t\t\t<\/span>\n\t\t\t\t\t\t\t\t\t\t\t\t<a class=\"elementor-toggle-title\" tabindex=\"0\">Ce qui reste \u00e0 faire<\/a>\n\t\t\t\t\t<\/div>\n\n\t\t\t\t\t<div id=\"elementor-tab-content-1073\" class=\"elementor-tab-content elementor-clearfix\" data-tab=\"3\" role=\"region\" aria-labelledby=\"elementor-tab-title-1073\"><ul>\n<li>S\u2019inscrire officiellement pour la proc\u00e9dure de visa.&nbsp;<\/li>\n<li>Commencer les r\u00e9servations de vols et des h\u00f4tels.&nbsp;<\/li>\n<li>Trouver les subventions pour financer le container.&nbsp;<\/li>\n<li>Pour cela r\u00e9colter entre 1500 et 2000 \u20ac par membre de l&rsquo;association.<\/li>\n<li>Organisation sur le mat\u00e9riel, les visites et les stages.<\/li>\n<li>Pr\u00e9paration du voyage p\u00f4le sant\u00e9 (vaccin, pr\u00e9vention palu, fi\u00e8vre jaune etc&#8230;)<\/li>\n<\/ul><\/div>\n\t\t\t\t<\/div>\n\t\t\t\t\t\t\t\t<\/div>\n\t\t\t\t\t\t<\/div>\n\t\t\t\t<\/div>\n\t\t\t\t\t<\/div>\n\t\t<\/div>\n\t\t\t\t\t<\/div>\n\t\t<\/section>\n\t\t\t\t<section class=\"elementor-section elementor-top-section elementor-element elementor-element-97d8494 elementor-section-boxed elementor-section-height-default elementor-section-height-default\" data-id=\"97d8494\" data-element_type=\"section\" data-e-type=\"section\">\n\t\t\t\t\t\t<div class=\"elementor-container elementor-column-gap-default\">\n\t\t\t\t\t<div class=\"elementor-column elementor-col-100 elementor-top-column elementor-element elementor-element-681cb69\" data-id=\"681cb69\" data-element_type=\"column\" data-e-type=\"column\">\n\t\t\t<div class=\"elementor-widget-wrap\">\n\t\t\t\t\t\t\t<\/div>\n\t\t<\/div>\n\t\t\t\t\t<\/div>\n\t\t<\/section>\n\t\t\t\t<\/div>\n\t\t","protected":false},"excerpt":{"rendered":"<p>STATUTS Cette association a pour objectif de dispenser du mat\u00e9riel m\u00e9dical \u00e0 l\u2019\u00e9tranger sans but lucratif. Pour atteindre l&rsquo;objectif, l\u2019association aura recours \u00e0 des collectes de dons et de mat\u00e9riels. Suite \u00e0 cela, \u00e0 l\u2019acheminement du mat\u00e9riel \u00e0 l\u2019\u00e9tranger par des soci\u00e9t\u00e9s de transport puis \u00e0 la distribution du mat\u00e9riel dans un pays \u00e9tranger en [&hellip;]<\/p>\n","protected":false},"author":1,"featured_media":0,"parent":0,"menu_order":0,"comment_status":"closed","ping_status":"closed","template":"","meta":{"ocean_post_layout":"","ocean_both_sidebars_style":"","ocean_both_sidebars_content_width":0,"ocean_both_sidebars_sidebars_width":0,"ocean_sidebar":"","ocean_second_sidebar":"","ocean_disable_margins":"enable","ocean_add_body_class":"","ocean_shortcode_before_top_bar":"","ocean_shortcode_after_top_bar":"","ocean_shortcode_before_header":"","ocean_shortcode_after_header":"","ocean_has_shortcode":"","ocean_shortcode_after_title":"","ocean_shortcode_before_footer_widgets":"","ocean_shortcode_after_footer_widgets":"","ocean_shortcode_before_footer_bottom":"","ocean_shortcode_after_footer_bottom":"","ocean_display_top_bar":"default","ocean_display_header":"default","ocean_header_style":"","ocean_center_header_left_menu":"","ocean_custom_header_template":"","ocean_custom_logo":0,"ocean_custom_retina_logo":0,"ocean_custom_logo_max_width":0,"ocean_custom_logo_tablet_max_width":0,"ocean_custom_logo_mobile_max_width":0,"ocean_custom_logo_max_height":0,"ocean_custom_logo_tablet_max_height":0,"ocean_custom_logo_mobile_max_height":0,"ocean_header_custom_menu":"","ocean_menu_typo_font_family":"","ocean_menu_typo_font_subset":"","ocean_menu_typo_font_size":0,"ocean_menu_typo_font_size_tablet":0,"ocean_menu_typo_font_size_mobile":0,"ocean_menu_typo_font_size_unit":"px","ocean_menu_typo_font_weight":"","ocean_menu_typo_font_weight_tablet":"","ocean_menu_typo_font_weight_mobile":"","ocean_menu_typo_transform":"","ocean_menu_typo_transform_tablet":"","ocean_menu_typo_transform_mobile":"","ocean_menu_typo_line_height":0,"ocean_menu_typo_line_height_tablet":0,"ocean_menu_typo_line_height_mobile":0,"ocean_menu_typo_line_height_unit":"","ocean_menu_typo_spacing":0,"ocean_menu_typo_spacing_tablet":0,"ocean_menu_typo_spacing_mobile":0,"ocean_menu_typo_spacing_unit":"","ocean_menu_link_color":"","ocean_menu_link_color_hover":"","ocean_menu_link_color_active":"","ocean_menu_link_background":"","ocean_menu_link_hover_background":"","ocean_menu_link_active_background":"","ocean_menu_social_links_bg":"","ocean_menu_social_hover_links_bg":"","ocean_menu_social_links_color":"","ocean_menu_social_hover_links_color":"","ocean_disable_title":"default","ocean_disable_heading":"default","ocean_post_title":"","ocean_post_subheading":"","ocean_post_title_style":"","ocean_post_title_background_color":"","ocean_post_title_background":0,"ocean_post_title_bg_image_position":"","ocean_post_title_bg_image_attachment":"","ocean_post_title_bg_image_repeat":"","ocean_post_title_bg_image_size":"","ocean_post_title_height":0,"ocean_post_title_bg_overlay":0.5,"ocean_post_title_bg_overlay_color":"","ocean_disable_breadcrumbs":"default","ocean_breadcrumbs_color":"","ocean_breadcrumbs_separator_color":"","ocean_breadcrumbs_links_color":"","ocean_breadcrumbs_links_hover_color":"","ocean_display_footer_widgets":"default","ocean_display_footer_bottom":"default","ocean_custom_footer_template":"","footnotes":""},"class_list":["post-1473","page","type-page","status-publish","hentry","entry"],"yoast_head":"<!-- This site is optimized with the Yoast SEO plugin v22.0 - https:\/\/yoast.com\/wordpress\/plugins\/seo\/ -->\n<title>Mission \u00e0 Madagascar 2025 - CFL Sant\u00e9<\/title>\n<meta name=\"robots\" content=\"index, follow, max-snippet:-1, max-image-preview:large, max-video-preview:-1\" \/>\n<link rel=\"canonical\" href=\"https:\/\/xn--cflsant-hya.fr\/?page_id=1473\" \/>\n<meta property=\"og:locale\" content=\"fr_FR\" \/>\n<meta property=\"og:type\" content=\"article\" \/>\n<meta property=\"og:title\" content=\"Mission \u00e0 Madagascar 2025 - CFL Sant\u00e9\" \/>\n<meta property=\"og:description\" content=\"STATUTS Cette association a pour objectif de dispenser du mat\u00e9riel m\u00e9dical \u00e0 l\u2019\u00e9tranger sans but lucratif. Pour atteindre l&rsquo;objectif, l\u2019association aura recours \u00e0 des collectes de dons et de mat\u00e9riels. Suite \u00e0 cela, \u00e0 l\u2019acheminement du mat\u00e9riel \u00e0 l\u2019\u00e9tranger par des soci\u00e9t\u00e9s de transport puis \u00e0 la distribution du mat\u00e9riel dans un pays \u00e9tranger en [&hellip;]\" \/>\n<meta property=\"og:url\" content=\"https:\/\/xn--cflsant-hya.fr\/?page_id=1473\" \/>\n<meta property=\"og:site_name\" content=\"CFL Sant\u00e9\" \/>\n<meta property=\"article:modified_time\" content=\"2024-12-31T15:29:37+00:00\" \/>\n<meta name=\"twitter:card\" content=\"summary_large_image\" \/>\n<meta name=\"twitter:label1\" content=\"Dur\u00e9e de lecture estim\u00e9e\" \/>\n\t<meta name=\"twitter:data1\" content=\"2 minutes\" \/>\n<script type=\"application\/ld+json\" class=\"yoast-schema-graph\">{\"@context\":\"https:\/\/schema.org\",\"@graph\":[{\"@type\":\"WebPage\",\"@id\":\"https:\/\/xn--cflsant-hya.fr\/?page_id=1473\",\"url\":\"https:\/\/xn--cflsant-hya.fr\/?page_id=1473\",\"name\":\"Mission \u00e0 Madagascar 2025 - CFL Sant\u00e9\",\"isPartOf\":{\"@id\":\"https:\/\/xn--cflsant-hya.fr\/#website\"},\"datePublished\":\"2024-02-13T15:30:39+00:00\",\"dateModified\":\"2024-12-31T15:29:37+00:00\",\"breadcrumb\":{\"@id\":\"https:\/\/xn--cflsant-hya.fr\/?page_id=1473#breadcrumb\"},\"inLanguage\":\"fr-FR\",\"potentialAction\":[{\"@type\":\"ReadAction\",\"target\":[\"https:\/\/xn--cflsant-hya.fr\/?page_id=1473\"]}]},{\"@type\":\"BreadcrumbList\",\"@id\":\"https:\/\/xn--cflsant-hya.fr\/?page_id=1473#breadcrumb\",\"itemListElement\":[{\"@type\":\"ListItem\",\"position\":1,\"name\":\"Accueil\",\"item\":\"https:\/\/xn--cflsant-hya.fr\/\"},{\"@type\":\"ListItem\",\"position\":2,\"name\":\"Mission \u00e0 Madagascar 2025\"}]},{\"@type\":\"WebSite\",\"@id\":\"https:\/\/xn--cflsant-hya.fr\/#website\",\"url\":\"https:\/\/xn--cflsant-hya.fr\/\",\"name\":\"CFL Sant\u00e9\",\"description\":\"Aider les Hopitaux du monde\",\"publisher\":{\"@id\":\"https:\/\/xn--cflsant-hya.fr\/#organization\"},\"potentialAction\":[{\"@type\":\"SearchAction\",\"target\":{\"@type\":\"EntryPoint\",\"urlTemplate\":\"https:\/\/xn--cflsant-hya.fr\/?s={search_term_string}\"},\"query-input\":\"required name=search_term_string\"}],\"inLanguage\":\"fr-FR\"},{\"@type\":\"Organization\",\"@id\":\"https:\/\/xn--cflsant-hya.fr\/#organization\",\"name\":\"CFL Sant\u00e9\",\"url\":\"https:\/\/xn--cflsant-hya.fr\/\",\"logo\":{\"@type\":\"ImageObject\",\"inLanguage\":\"fr-FR\",\"@id\":\"https:\/\/xn--cflsant-hya.fr\/#\/schema\/logo\/image\/\",\"url\":\"http:\/\/xn--cflsant-hya.fr\/wp-content\/uploads\/2023\/02\/cropped-cropped-com.apple_.Pasteboard.x2BOZ5.png\",\"contentUrl\":\"http:\/\/xn--cflsant-hya.fr\/wp-content\/uploads\/2023\/02\/cropped-cropped-com.apple_.Pasteboard.x2BOZ5.png\",\"width\":512,\"height\":512,\"caption\":\"CFL Sant\u00e9\"},\"image\":{\"@id\":\"https:\/\/xn--cflsant-hya.fr\/#\/schema\/logo\/image\/\"}}]}<\/script>\n<!-- \/ Yoast SEO plugin. -->","yoast_head_json":{"title":"Mission \u00e0 Madagascar 2025 - CFL Sant\u00e9","robots":{"index":"index","follow":"follow","max-snippet":"max-snippet:-1","max-image-preview":"max-image-preview:large","max-video-preview":"max-video-preview:-1"},"canonical":"https:\/\/xn--cflsant-hya.fr\/?page_id=1473","og_locale":"fr_FR","og_type":"article","og_title":"Mission \u00e0 Madagascar 2025 - CFL Sant\u00e9","og_description":"STATUTS Cette association a pour objectif de dispenser du mat\u00e9riel m\u00e9dical \u00e0 l\u2019\u00e9tranger sans but lucratif. Pour atteindre l&rsquo;objectif, l\u2019association aura recours \u00e0 des collectes de dons et de mat\u00e9riels. Suite \u00e0 cela, \u00e0 l\u2019acheminement du mat\u00e9riel \u00e0 l\u2019\u00e9tranger par des soci\u00e9t\u00e9s de transport puis \u00e0 la distribution du mat\u00e9riel dans un pays \u00e9tranger en [&hellip;]","og_url":"https:\/\/xn--cflsant-hya.fr\/?page_id=1473","og_site_name":"CFL Sant\u00e9","article_modified_time":"2024-12-31T15:29:37+00:00","twitter_card":"summary_large_image","twitter_misc":{"Dur\u00e9e de lecture estim\u00e9e":"2 minutes"},"schema":{"@context":"https:\/\/schema.org","@graph":[{"@type":"WebPage","@id":"https:\/\/xn--cflsant-hya.fr\/?page_id=1473","url":"https:\/\/xn--cflsant-hya.fr\/?page_id=1473","name":"Mission \u00e0 Madagascar 2025 - CFL Sant\u00e9","isPartOf":{"@id":"https:\/\/xn--cflsant-hya.fr\/#website"},"datePublished":"2024-02-13T15:30:39+00:00","dateModified":"2024-12-31T15:29:37+00:00","breadcrumb":{"@id":"https:\/\/xn--cflsant-hya.fr\/?page_id=1473#breadcrumb"},"inLanguage":"fr-FR","potentialAction":[{"@type":"ReadAction","target":["https:\/\/xn--cflsant-hya.fr\/?page_id=1473"]}]},{"@type":"BreadcrumbList","@id":"https:\/\/xn--cflsant-hya.fr\/?page_id=1473#breadcrumb","itemListElement":[{"@type":"ListItem","position":1,"name":"Accueil","item":"https:\/\/xn--cflsant-hya.fr\/"},{"@type":"ListItem","position":2,"name":"Mission \u00e0 Madagascar 2025"}]},{"@type":"WebSite","@id":"https:\/\/xn--cflsant-hya.fr\/#website","url":"https:\/\/xn--cflsant-hya.fr\/","name":"CFL Sant\u00e9","description":"Aider les Hopitaux du monde","publisher":{"@id":"https:\/\/xn--cflsant-hya.fr\/#organization"},"potentialAction":[{"@type":"SearchAction","target":{"@type":"EntryPoint","urlTemplate":"https:\/\/xn--cflsant-hya.fr\/?s={search_term_string}"},"query-input":"required name=search_term_string"}],"inLanguage":"fr-FR"},{"@type":"Organization","@id":"https:\/\/xn--cflsant-hya.fr\/#organization","name":"CFL Sant\u00e9","url":"https:\/\/xn--cflsant-hya.fr\/","logo":{"@type":"ImageObject","inLanguage":"fr-FR","@id":"https:\/\/xn--cflsant-hya.fr\/#\/schema\/logo\/image\/","url":"http:\/\/xn--cflsant-hya.fr\/wp-content\/uploads\/2023\/02\/cropped-cropped-com.apple_.Pasteboard.x2BOZ5.png","contentUrl":"http:\/\/xn--cflsant-hya.fr\/wp-content\/uploads\/2023\/02\/cropped-cropped-com.apple_.Pasteboard.x2BOZ5.png","width":512,"height":512,"caption":"CFL Sant\u00e9"},"image":{"@id":"https:\/\/xn--cflsant-hya.fr\/#\/schema\/logo\/image\/"}}]}},"_links":{"self":[{"href":"https:\/\/xn--cflsant-hya.fr\/index.php?rest_route=\/wp\/v2\/pages\/1473","targetHints":{"allow":["GET"]}}],"collection":[{"href":"https:\/\/xn--cflsant-hya.fr\/index.php?rest_route=\/wp\/v2\/pages"}],"about":[{"href":"https:\/\/xn--cflsant-hya.fr\/index.php?rest_route=\/wp\/v2\/types\/page"}],"author":[{"embeddable":true,"href":"https:\/\/xn--cflsant-hya.fr\/index.php?rest_route=\/wp\/v2\/users\/1"}],"replies":[{"embeddable":true,"href":"https:\/\/xn--cflsant-hya.fr\/index.php?rest_route=%2Fwp%2Fv2%2Fcomments&post=1473"}],"version-history":[{"count":11,"href":"https:\/\/xn--cflsant-hya.fr\/index.php?rest_route=\/wp\/v2\/pages\/1473\/revisions"}],"predecessor-version":[{"id":1814,"href":"https:\/\/xn--cflsant-hya.fr\/index.php?rest_route=\/wp\/v2\/pages\/1473\/revisions\/1814"}],"wp:attachment":[{"href":"https:\/\/xn--cflsant-hya.fr\/index.php?rest_route=%2Fwp%2Fv2%2Fmedia&parent=1473"}],"curies":[{"name":"wp","href":"https:\/\/api.w.org\/{rel}","templated":true}]}}