{"id":19,"date":"2023-02-04T14:12:34","date_gmt":"2023-02-04T14:12:34","guid":{"rendered":"http:\/\/xn--cflsant-hya.fr\/?page_id=19"},"modified":"2024-02-13T13:26:04","modified_gmt":"2024-02-13T13:26:04","slug":"comment-agir","status":"publish","type":"page","link":"https:\/\/xn--cflsant-hya.fr\/?page_id=19","title":{"rendered":"Comment agir"},"content":{"rendered":"\t\t<div data-elementor-type=\"wp-page\" data-elementor-id=\"19\" class=\"elementor elementor-19\">\n\t\t\t\t\t\t<section class=\"elementor-section elementor-top-section elementor-element elementor-element-577ba9a elementor-section-height-min-height elementor-section-stretched elementor-section-boxed elementor-section-height-default elementor-section-items-middle\" data-id=\"577ba9a\" data-element_type=\"section\" data-e-type=\"section\" data-settings=\"{&quot;stretch_section&quot;:&quot;section-stretched&quot;,&quot;background_background&quot;:&quot;classic&quot;}\">\n\t\t\t\t\t\t\t<div class=\"elementor-background-overlay\"><\/div>\n\t\t\t\t\t\t\t<div class=\"elementor-container elementor-column-gap-default\">\n\t\t\t\t\t<div class=\"elementor-column elementor-col-100 elementor-top-column elementor-element elementor-element-a558161\" data-id=\"a558161\" data-element_type=\"column\" data-e-type=\"column\">\n\t\t\t<div class=\"elementor-widget-wrap elementor-element-populated\">\n\t\t\t\t\t\t<div class=\"elementor-element elementor-element-124e66b elementor-widget__width-auto elementor-widget elementor-widget-heading\" data-id=\"124e66b\" data-element_type=\"widget\" data-e-type=\"widget\" data-widget_type=\"heading.default\">\n\t\t\t\t<div class=\"elementor-widget-container\">\n\t\t\t\t\t<h2 class=\"elementor-heading-title elementor-size-default\">Vous pouvez nous aider en faisant un don<\/h2>\t\t\t\t<\/div>\n\t\t\t\t<\/div>\n\t\t\t\t<div class=\"elementor-element elementor-element-d7a2f69 elementor-widget elementor-widget-progress\" data-id=\"d7a2f69\" data-element_type=\"widget\" data-e-type=\"widget\" data-widget_type=\"progress.default\">\n\t\t\t\t<div class=\"elementor-widget-container\">\n\t\t\t\t\t\t\t\t<span class=\"elementor-title\" id=\"elementor-progress-bar-d7a2f69\">\n\t\t\t\tDons r\u00e9colt\u00e9s\t\t\t<\/span>\n\t\t\n\t\t<div aria-labelledby=\"elementor-progress-bar-d7a2f69\" class=\"elementor-progress-wrapper progress-info\" role=\"progressbar\" aria-valuemin=\"0\" aria-valuemax=\"100\" aria-valuenow=\"49\">\n\t\t\t<div class=\"elementor-progress-bar\" data-max=\"49\">\n\t\t\t\t<span class=\"elementor-progress-text\"><\/span>\n\t\t\t\t\t\t\t\t\t<span class=\"elementor-progress-percentage\">49%<\/span>\n\t\t\t\t\t\t\t<\/div>\n\t\t<\/div>\n\t\t\t\t\t\t<\/div>\n\t\t\t\t<\/div>\n\t\t\t\t<div class=\"elementor-element elementor-element-2840327 elementor-widget__width-auto elementor-widget elementor-widget-heading\" data-id=\"2840327\" data-element_type=\"widget\" data-e-type=\"widget\" data-widget_type=\"heading.default\">\n\t\t\t\t<div class=\"elementor-widget-container\">\n\t\t\t\t\t<h2 class=\"elementor-heading-title elementor-size-default\">Vos dons sont d\u00e9ductibles de 66%<\/h2>\t\t\t\t<\/div>\n\t\t\t\t<\/div>\n\t\t\t\t<div class=\"elementor-element elementor-element-2ba0d06 elementor-widget elementor-widget-spacer\" data-id=\"2ba0d06\" data-element_type=\"widget\" data-e-type=\"widget\" data-widget_type=\"spacer.default\">\n\t\t\t\t<div class=\"elementor-widget-container\">\n\t\t\t\t\t\t\t<div class=\"elementor-spacer\">\n\t\t\t<div class=\"elementor-spacer-inner\"><\/div>\n\t\t<\/div>\n\t\t\t\t\t\t<\/div>\n\t\t\t\t<\/div>\n\t\t\t\t\t<\/div>\n\t\t<\/div>\n\t\t\t\t\t<\/div>\n\t\t<\/section>\n\t\t\t\t<section class=\"elementor-section elementor-top-section elementor-element elementor-element-0f06681 elementor-section-boxed elementor-section-height-default elementor-section-height-default\" data-id=\"0f06681\" data-element_type=\"section\" data-e-type=\"section\">\n\t\t\t\t\t\t<div class=\"elementor-container elementor-column-gap-default\">\n\t\t\t\t\t<div class=\"elementor-column elementor-col-100 elementor-top-column elementor-element elementor-element-bc246cc\" data-id=\"bc246cc\" data-element_type=\"column\" data-e-type=\"column\">\n\t\t\t<div class=\"elementor-widget-wrap elementor-element-populated\">\n\t\t\t\t\t\t<div class=\"elementor-element elementor-element-08d50cc elementor-widget elementor-widget-shortcode\" data-id=\"08d50cc\" data-element_type=\"widget\" data-e-type=\"widget\" data-widget_type=\"shortcode.default\">\n\t\t\t\t<div class=\"elementor-widget-container\">\n\t\t\t\t\t\t\t<div class=\"elementor-shortcode\"><iframe id=\"haWidget\" allowtransparency=\"true\" scrolling=\"auto\" src=\"https:\/\/www.helloasso.com\/associations\/cfl-sante\/formulaires\/1\/widget\" style=\"width: 100%; height: 750px; border: none;\"><\/iframe><\/div>\n\t\t\t\t\t\t<\/div>\n\t\t\t\t<\/div>\n\t\t\t\t\t<\/div>\n\t\t<\/div>\n\t\t\t\t\t<\/div>\n\t\t<\/section>\n\t\t\t\t<\/div>\n\t\t","protected":false},"excerpt":{"rendered":"<p>Vous pouvez nous aider en faisant un don Dons r\u00e9colt\u00e9s 49% Vos dons sont d\u00e9ductibles de 66%<\/p>\n","protected":false},"author":1,"featured_media":0,"parent":0,"menu_order":0,"comment_status":"closed","ping_status":"closed","template":"","meta":{"ocean_post_layout":"","ocean_both_sidebars_style":"","ocean_both_sidebars_content_width":0,"ocean_both_sidebars_sidebars_width":0,"ocean_sidebar":"0","ocean_second_sidebar":"0","ocean_disable_margins":"enable","ocean_add_body_class":"","ocean_shortcode_before_top_bar":"","ocean_shortcode_after_top_bar":"","ocean_shortcode_before_header":"","ocean_shortcode_after_header":"","ocean_has_shortcode":"","ocean_shortcode_after_title":"","ocean_shortcode_before_footer_widgets":"","ocean_shortcode_after_footer_widgets":"","ocean_shortcode_before_footer_bottom":"","ocean_shortcode_after_footer_bottom":"","ocean_display_top_bar":"default","ocean_display_header":"default","ocean_header_style":"","ocean_center_header_left_menu":"0","ocean_custom_header_template":"0","ocean_custom_logo":0,"ocean_custom_retina_logo":0,"ocean_custom_logo_max_width":0,"ocean_custom_logo_tablet_max_width":0,"ocean_custom_logo_mobile_max_width":0,"ocean_custom_logo_max_height":0,"ocean_custom_logo_tablet_max_height":0,"ocean_custom_logo_mobile_max_height":0,"ocean_header_custom_menu":"0","ocean_menu_typo_font_family":"0","ocean_menu_typo_font_subset":"","ocean_menu_typo_font_size":0,"ocean_menu_typo_font_size_tablet":0,"ocean_menu_typo_font_size_mobile":0,"ocean_menu_typo_font_size_unit":"px","ocean_menu_typo_font_weight":"","ocean_menu_typo_font_weight_tablet":"","ocean_menu_typo_font_weight_mobile":"","ocean_menu_typo_transform":"","ocean_menu_typo_transform_tablet":"","ocean_menu_typo_transform_mobile":"","ocean_menu_typo_line_height":0,"ocean_menu_typo_line_height_tablet":0,"ocean_menu_typo_line_height_mobile":0,"ocean_menu_typo_line_height_unit":"","ocean_menu_typo_spacing":0,"ocean_menu_typo_spacing_tablet":0,"ocean_menu_typo_spacing_mobile":0,"ocean_menu_typo_spacing_unit":"","ocean_menu_link_color":"","ocean_menu_link_color_hover":"","ocean_menu_link_color_active":"","ocean_menu_link_background":"","ocean_menu_link_hover_background":"","ocean_menu_link_active_background":"","ocean_menu_social_links_bg":"","ocean_menu_social_hover_links_bg":"","ocean_menu_social_links_color":"","ocean_menu_social_hover_links_color":"","ocean_disable_title":"on","ocean_disable_heading":"default","ocean_post_title":"","ocean_post_subheading":"","ocean_post_title_style":"","ocean_post_title_background_color":"","ocean_post_title_background":0,"ocean_post_title_bg_image_position":"","ocean_post_title_bg_image_attachment":"","ocean_post_title_bg_image_repeat":"","ocean_post_title_bg_image_size":"","ocean_post_title_height":0,"ocean_post_title_bg_overlay":0.5,"ocean_post_title_bg_overlay_color":"","ocean_disable_breadcrumbs":"default","ocean_breadcrumbs_color":"","ocean_breadcrumbs_separator_color":"","ocean_breadcrumbs_links_color":"","ocean_breadcrumbs_links_hover_color":"","ocean_display_footer_widgets":"default","ocean_display_footer_bottom":"default","ocean_custom_footer_template":"0","footnotes":""},"class_list":["post-19","page","type-page","status-publish","hentry","entry"],"yoast_head":"<!-- This site is optimized with the Yoast SEO plugin v22.0 - https:\/\/yoast.com\/wordpress\/plugins\/seo\/ -->\n<title>Comment agir - CFL Sant\u00e9<\/title>\n<meta name=\"robots\" content=\"index, follow, max-snippet:-1, max-image-preview:large, max-video-preview:-1\" \/>\n<link rel=\"canonical\" href=\"https:\/\/xn--cflsant-hya.fr\/?page_id=19\" \/>\n<meta property=\"og:locale\" content=\"fr_FR\" \/>\n<meta property=\"og:type\" content=\"article\" \/>\n<meta property=\"og:title\" content=\"Comment agir - CFL Sant\u00e9\" \/>\n<meta property=\"og:description\" content=\"Vous pouvez nous aider en faisant un don Dons r\u00e9colt\u00e9s 49% Vos dons sont d\u00e9ductibles de 66%\" \/>\n<meta property=\"og:url\" content=\"https:\/\/xn--cflsant-hya.fr\/?page_id=19\" \/>\n<meta property=\"og:site_name\" content=\"CFL Sant\u00e9\" \/>\n<meta property=\"article:modified_time\" content=\"2024-02-13T13:26:04+00:00\" \/>\n<meta name=\"twitter:card\" content=\"summary_large_image\" \/>\n<meta name=\"twitter:label1\" content=\"Dur\u00e9e de lecture estim\u00e9e\" \/>\n\t<meta name=\"twitter:data1\" content=\"1 minute\" \/>\n<script type=\"application\/ld+json\" class=\"yoast-schema-graph\">{\"@context\":\"https:\/\/schema.org\",\"@graph\":[{\"@type\":\"WebPage\",\"@id\":\"https:\/\/xn--cflsant-hya.fr\/?page_id=19\",\"url\":\"https:\/\/xn--cflsant-hya.fr\/?page_id=19\",\"name\":\"Comment agir - CFL Sant\u00e9\",\"isPartOf\":{\"@id\":\"https:\/\/xn--cflsant-hya.fr\/#website\"},\"datePublished\":\"2023-02-04T14:12:34+00:00\",\"dateModified\":\"2024-02-13T13:26:04+00:00\",\"breadcrumb\":{\"@id\":\"https:\/\/xn--cflsant-hya.fr\/?page_id=19#breadcrumb\"},\"inLanguage\":\"fr-FR\",\"potentialAction\":[{\"@type\":\"ReadAction\",\"target\":[\"https:\/\/xn--cflsant-hya.fr\/?page_id=19\"]}]},{\"@type\":\"BreadcrumbList\",\"@id\":\"https:\/\/xn--cflsant-hya.fr\/?page_id=19#breadcrumb\",\"itemListElement\":[{\"@type\":\"ListItem\",\"position\":1,\"name\":\"Accueil\",\"item\":\"https:\/\/xn--cflsant-hya.fr\/\"},{\"@type\":\"ListItem\",\"position\":2,\"name\":\"Comment agir\"}]},{\"@type\":\"WebSite\",\"@id\":\"https:\/\/xn--cflsant-hya.fr\/#website\",\"url\":\"https:\/\/xn--cflsant-hya.fr\/\",\"name\":\"CFL Sant\u00e9\",\"description\":\"Aider les Hopitaux du monde\",\"publisher\":{\"@id\":\"https:\/\/xn--cflsant-hya.fr\/#organization\"},\"potentialAction\":[{\"@type\":\"SearchAction\",\"target\":{\"@type\":\"EntryPoint\",\"urlTemplate\":\"https:\/\/xn--cflsant-hya.fr\/?s={search_term_string}\"},\"query-input\":\"required name=search_term_string\"}],\"inLanguage\":\"fr-FR\"},{\"@type\":\"Organization\",\"@id\":\"https:\/\/xn--cflsant-hya.fr\/#organization\",\"name\":\"CFL Sant\u00e9\",\"url\":\"https:\/\/xn--cflsant-hya.fr\/\",\"logo\":{\"@type\":\"ImageObject\",\"inLanguage\":\"fr-FR\",\"@id\":\"https:\/\/xn--cflsant-hya.fr\/#\/schema\/logo\/image\/\",\"url\":\"http:\/\/xn--cflsant-hya.fr\/wp-content\/uploads\/2023\/02\/cropped-cropped-com.apple_.Pasteboard.x2BOZ5.png\",\"contentUrl\":\"http:\/\/xn--cflsant-hya.fr\/wp-content\/uploads\/2023\/02\/cropped-cropped-com.apple_.Pasteboard.x2BOZ5.png\",\"width\":512,\"height\":512,\"caption\":\"CFL Sant\u00e9\"},\"image\":{\"@id\":\"https:\/\/xn--cflsant-hya.fr\/#\/schema\/logo\/image\/\"}}]}<\/script>\n<!-- \/ Yoast SEO plugin. -->","yoast_head_json":{"title":"Comment agir - CFL Sant\u00e9","robots":{"index":"index","follow":"follow","max-snippet":"max-snippet:-1","max-image-preview":"max-image-preview:large","max-video-preview":"max-video-preview:-1"},"canonical":"https:\/\/xn--cflsant-hya.fr\/?page_id=19","og_locale":"fr_FR","og_type":"article","og_title":"Comment agir - CFL Sant\u00e9","og_description":"Vous pouvez nous aider en faisant un don Dons r\u00e9colt\u00e9s 49% Vos dons sont d\u00e9ductibles de 66%","og_url":"https:\/\/xn--cflsant-hya.fr\/?page_id=19","og_site_name":"CFL Sant\u00e9","article_modified_time":"2024-02-13T13:26:04+00:00","twitter_card":"summary_large_image","twitter_misc":{"Dur\u00e9e de lecture estim\u00e9e":"1 minute"},"schema":{"@context":"https:\/\/schema.org","@graph":[{"@type":"WebPage","@id":"https:\/\/xn--cflsant-hya.fr\/?page_id=19","url":"https:\/\/xn--cflsant-hya.fr\/?page_id=19","name":"Comment agir - CFL Sant\u00e9","isPartOf":{"@id":"https:\/\/xn--cflsant-hya.fr\/#website"},"datePublished":"2023-02-04T14:12:34+00:00","dateModified":"2024-02-13T13:26:04+00:00","breadcrumb":{"@id":"https:\/\/xn--cflsant-hya.fr\/?page_id=19#breadcrumb"},"inLanguage":"fr-FR","potentialAction":[{"@type":"ReadAction","target":["https:\/\/xn--cflsant-hya.fr\/?page_id=19"]}]},{"@type":"BreadcrumbList","@id":"https:\/\/xn--cflsant-hya.fr\/?page_id=19#breadcrumb","itemListElement":[{"@type":"ListItem","position":1,"name":"Accueil","item":"https:\/\/xn--cflsant-hya.fr\/"},{"@type":"ListItem","position":2,"name":"Comment agir"}]},{"@type":"WebSite","@id":"https:\/\/xn--cflsant-hya.fr\/#website","url":"https:\/\/xn--cflsant-hya.fr\/","name":"CFL Sant\u00e9","description":"Aider les Hopitaux du monde","publisher":{"@id":"https:\/\/xn--cflsant-hya.fr\/#organization"},"potentialAction":[{"@type":"SearchAction","target":{"@type":"EntryPoint","urlTemplate":"https:\/\/xn--cflsant-hya.fr\/?s={search_term_string}"},"query-input":"required name=search_term_string"}],"inLanguage":"fr-FR"},{"@type":"Organization","@id":"https:\/\/xn--cflsant-hya.fr\/#organization","name":"CFL Sant\u00e9","url":"https:\/\/xn--cflsant-hya.fr\/","logo":{"@type":"ImageObject","inLanguage":"fr-FR","@id":"https:\/\/xn--cflsant-hya.fr\/#\/schema\/logo\/image\/","url":"http:\/\/xn--cflsant-hya.fr\/wp-content\/uploads\/2023\/02\/cropped-cropped-com.apple_.Pasteboard.x2BOZ5.png","contentUrl":"http:\/\/xn--cflsant-hya.fr\/wp-content\/uploads\/2023\/02\/cropped-cropped-com.apple_.Pasteboard.x2BOZ5.png","width":512,"height":512,"caption":"CFL Sant\u00e9"},"image":{"@id":"https:\/\/xn--cflsant-hya.fr\/#\/schema\/logo\/image\/"}}]}},"_links":{"self":[{"href":"https:\/\/xn--cflsant-hya.fr\/index.php?rest_route=\/wp\/v2\/pages\/19","targetHints":{"allow":["GET"]}}],"collection":[{"href":"https:\/\/xn--cflsant-hya.fr\/index.php?rest_route=\/wp\/v2\/pages"}],"about":[{"href":"https:\/\/xn--cflsant-hya.fr\/index.php?rest_route=\/wp\/v2\/types\/page"}],"author":[{"embeddable":true,"href":"https:\/\/xn--cflsant-hya.fr\/index.php?rest_route=\/wp\/v2\/users\/1"}],"replies":[{"embeddable":true,"href":"https:\/\/xn--cflsant-hya.fr\/index.php?rest_route=%2Fwp%2Fv2%2Fcomments&post=19"}],"version-history":[{"count":72,"href":"https:\/\/xn--cflsant-hya.fr\/index.php?rest_route=\/wp\/v2\/pages\/19\/revisions"}],"predecessor-version":[{"id":1441,"href":"https:\/\/xn--cflsant-hya.fr\/index.php?rest_route=\/wp\/v2\/pages\/19\/revisions\/1441"}],"wp:attachment":[{"href":"https:\/\/xn--cflsant-hya.fr\/index.php?rest_route=%2Fwp%2Fv2%2Fmedia&parent=19"}],"curies":[{"name":"wp","href":"https:\/\/api.w.org\/{rel}","templated":true}]}}